{"id":1925,"date":"2024-11-09T16:55:16","date_gmt":"2024-11-09T15:55:16","guid":{"rendered":"https:\/\/www.elpro.de\/produkte-loesungen\/"},"modified":"2025-09-09T15:20:44","modified_gmt":"2025-09-09T13:20:44","slug":"products-solutions","status":"publish","type":"page","link":"https:\/\/www.elpro.de\/en\/products-solutions\/","title":{"rendered":"Products &#038; Solutions"},"content":{"rendered":"","protected":false},"excerpt":{"rendered":"<p>Pers\u00f6nlich, verantwortungsbewusst, zukunftsorientiert: Unsere St\u00e4rke ist es, die beste L\u00f6sung f\u00fcr jeden Kunden zu finden. Wir sind unabh\u00e4ngig, entwickeln Produkte im Team, haben eine eigene Fertigung und sorgen mit unserer eigenen Software f\u00fcr optimale Energieeffizienz.<\/p>\n","protected":false},"author":1,"featured_media":2427,"parent":0,"menu_order":0,"comment_status":"closed","ping_status":"closed","template":"","meta":{"_acf_changed":false,"footnotes":""},"class_list":["post-1925","page","type-page","status-publish","has-post-thumbnail","hentry"],"acf":[],"yoast_head":"<!-- This site is optimized with the Yoast SEO plugin v27.4 - https:\/\/yoast.com\/product\/yoast-seo-wordpress\/ -->\n<title>Products &amp; Solutions - Elpro<\/title>\n<meta name=\"description\" content=\"Pers\u00f6nlich, verantwortungsbewusst, zukunftsorientiert: Unsere St\u00e4rke ist es, die beste L\u00f6sung f\u00fcr jeden Kunden zu finden. Wir sind unabh\u00e4ngig, entwickeln Produkte im Team, haben eine eigene Fertigung und sorgen mit unserer eigenen Software f\u00fcr optimale Energieeffizienz.\" \/>\n<meta name=\"robots\" content=\"index, follow, max-snippet:-1, max-image-preview:large, max-video-preview:-1\" \/>\n<link rel=\"canonical\" href=\"https:\/\/www.elpro.de\/en\/products-solutions\/\" \/>\n<meta property=\"og:locale\" content=\"en_US\" \/>\n<meta property=\"og:type\" content=\"article\" \/>\n<meta property=\"og:title\" content=\"Products &amp; Solutions - Elpro\" \/>\n<meta property=\"og:description\" content=\"Pers\u00f6nlich, verantwortungsbewusst, zukunftsorientiert: Unsere St\u00e4rke ist es, die beste L\u00f6sung f\u00fcr jeden Kunden zu finden. Wir sind unabh\u00e4ngig, entwickeln Produkte im Team, haben eine eigene Fertigung und sorgen mit unserer eigenen Software f\u00fcr optimale Energieeffizienz.\" \/>\n<meta property=\"og:url\" content=\"https:\/\/www.elpro.de\/en\/products-solutions\/\" \/>\n<meta property=\"og:site_name\" content=\"Elpro\" \/>\n<meta property=\"article:modified_time\" content=\"2025-09-09T13:20:44+00:00\" \/>\n<meta property=\"og:image\" content=\"https:\/\/www.elpro.de\/wp-content\/uploads\/2025\/09\/produkte_loesungen.webp\" \/>\n\t<meta property=\"og:image:width\" content=\"2000\" \/>\n\t<meta property=\"og:image:height\" content=\"1332\" \/>\n\t<meta property=\"og:image:type\" content=\"image\/webp\" \/>\n<meta name=\"twitter:card\" content=\"summary_large_image\" \/>\n<meta name=\"twitter:label1\" content=\"Est. reading time\" \/>\n\t<meta name=\"twitter:data1\" content=\"1 minute\" \/>\n<script type=\"application\/ld+json\" class=\"yoast-schema-graph\">{\"@context\":\"https:\\\/\\\/schema.org\",\"@graph\":[{\"@type\":\"WebPage\",\"@id\":\"https:\\\/\\\/www.elpro.de\\\/en\\\/products-solutions\\\/\",\"url\":\"https:\\\/\\\/www.elpro.de\\\/en\\\/products-solutions\\\/\",\"name\":\"Products & Solutions - Elpro\",\"isPartOf\":{\"@id\":\"https:\\\/\\\/www.elpro.de\\\/#website\"},\"primaryImageOfPage\":{\"@id\":\"https:\\\/\\\/www.elpro.de\\\/en\\\/products-solutions\\\/#primaryimage\"},\"image\":{\"@id\":\"https:\\\/\\\/www.elpro.de\\\/en\\\/products-solutions\\\/#primaryimage\"},\"thumbnailUrl\":\"https:\\\/\\\/www.elpro.de\\\/wp-content\\\/uploads\\\/2025\\\/09\\\/produkte_loesungen.webp\",\"datePublished\":\"2024-11-09T15:55:16+00:00\",\"dateModified\":\"2025-09-09T13:20:44+00:00\",\"description\":\"Pers\u00f6nlich, verantwortungsbewusst, zukunftsorientiert: Unsere St\u00e4rke ist es, die beste L\u00f6sung f\u00fcr jeden Kunden zu finden. Wir sind unabh\u00e4ngig, entwickeln Produkte im Team, haben eine eigene Fertigung und sorgen mit unserer eigenen Software f\u00fcr optimale Energieeffizienz.\",\"breadcrumb\":{\"@id\":\"https:\\\/\\\/www.elpro.de\\\/en\\\/products-solutions\\\/#breadcrumb\"},\"inLanguage\":\"en-US\",\"potentialAction\":[{\"@type\":\"ReadAction\",\"target\":[\"https:\\\/\\\/www.elpro.de\\\/en\\\/products-solutions\\\/\"]}]},{\"@type\":\"ImageObject\",\"inLanguage\":\"en-US\",\"@id\":\"https:\\\/\\\/www.elpro.de\\\/en\\\/products-solutions\\\/#primaryimage\",\"url\":\"https:\\\/\\\/www.elpro.de\\\/wp-content\\\/uploads\\\/2025\\\/09\\\/produkte_loesungen.webp\",\"contentUrl\":\"https:\\\/\\\/www.elpro.de\\\/wp-content\\\/uploads\\\/2025\\\/09\\\/produkte_loesungen.webp\",\"width\":2000,\"height\":1332},{\"@type\":\"BreadcrumbList\",\"@id\":\"https:\\\/\\\/www.elpro.de\\\/en\\\/products-solutions\\\/#breadcrumb\",\"itemListElement\":[{\"@type\":\"ListItem\",\"position\":1,\"name\":\"Startseite\",\"item\":\"https:\\\/\\\/www.elpro.de\\\/en\\\/\"},{\"@type\":\"ListItem\",\"position\":2,\"name\":\"Products &#038; Solutions\"}]},{\"@type\":\"WebSite\",\"@id\":\"https:\\\/\\\/www.elpro.de\\\/#website\",\"url\":\"https:\\\/\\\/www.elpro.de\\\/\",\"name\":\"Elpro\",\"description\":\"\",\"potentialAction\":[{\"@type\":\"SearchAction\",\"target\":{\"@type\":\"EntryPoint\",\"urlTemplate\":\"https:\\\/\\\/www.elpro.de\\\/?s={search_term_string}\"},\"query-input\":{\"@type\":\"PropertyValueSpecification\",\"valueRequired\":true,\"valueName\":\"search_term_string\"}}],\"inLanguage\":\"en-US\"}]}<\/script>\n<!-- \/ Yoast SEO plugin. -->","yoast_head_json":{"title":"Products & Solutions - Elpro","description":"Pers\u00f6nlich, verantwortungsbewusst, zukunftsorientiert: Unsere St\u00e4rke ist es, die beste L\u00f6sung f\u00fcr jeden Kunden zu finden. Wir sind unabh\u00e4ngig, entwickeln Produkte im Team, haben eine eigene Fertigung und sorgen mit unserer eigenen Software f\u00fcr optimale Energieeffizienz.","robots":{"index":"index","follow":"follow","max-snippet":"max-snippet:-1","max-image-preview":"max-image-preview:large","max-video-preview":"max-video-preview:-1"},"canonical":"https:\/\/www.elpro.de\/en\/products-solutions\/","og_locale":"en_US","og_type":"article","og_title":"Products & Solutions - Elpro","og_description":"Pers\u00f6nlich, verantwortungsbewusst, zukunftsorientiert: Unsere St\u00e4rke ist es, die beste L\u00f6sung f\u00fcr jeden Kunden zu finden. Wir sind unabh\u00e4ngig, entwickeln Produkte im Team, haben eine eigene Fertigung und sorgen mit unserer eigenen Software f\u00fcr optimale Energieeffizienz.","og_url":"https:\/\/www.elpro.de\/en\/products-solutions\/","og_site_name":"Elpro","article_modified_time":"2025-09-09T13:20:44+00:00","og_image":[{"width":2000,"height":1332,"url":"https:\/\/www.elpro.de\/wp-content\/uploads\/2025\/09\/produkte_loesungen.webp","type":"image\/webp"}],"twitter_card":"summary_large_image","twitter_misc":{"Est. reading time":"1 minute"},"schema":{"@context":"https:\/\/schema.org","@graph":[{"@type":"WebPage","@id":"https:\/\/www.elpro.de\/en\/products-solutions\/","url":"https:\/\/www.elpro.de\/en\/products-solutions\/","name":"Products & Solutions - Elpro","isPartOf":{"@id":"https:\/\/www.elpro.de\/#website"},"primaryImageOfPage":{"@id":"https:\/\/www.elpro.de\/en\/products-solutions\/#primaryimage"},"image":{"@id":"https:\/\/www.elpro.de\/en\/products-solutions\/#primaryimage"},"thumbnailUrl":"https:\/\/www.elpro.de\/wp-content\/uploads\/2025\/09\/produkte_loesungen.webp","datePublished":"2024-11-09T15:55:16+00:00","dateModified":"2025-09-09T13:20:44+00:00","description":"Pers\u00f6nlich, verantwortungsbewusst, zukunftsorientiert: Unsere St\u00e4rke ist es, die beste L\u00f6sung f\u00fcr jeden Kunden zu finden. Wir sind unabh\u00e4ngig, entwickeln Produkte im Team, haben eine eigene Fertigung und sorgen mit unserer eigenen Software f\u00fcr optimale Energieeffizienz.","breadcrumb":{"@id":"https:\/\/www.elpro.de\/en\/products-solutions\/#breadcrumb"},"inLanguage":"en-US","potentialAction":[{"@type":"ReadAction","target":["https:\/\/www.elpro.de\/en\/products-solutions\/"]}]},{"@type":"ImageObject","inLanguage":"en-US","@id":"https:\/\/www.elpro.de\/en\/products-solutions\/#primaryimage","url":"https:\/\/www.elpro.de\/wp-content\/uploads\/2025\/09\/produkte_loesungen.webp","contentUrl":"https:\/\/www.elpro.de\/wp-content\/uploads\/2025\/09\/produkte_loesungen.webp","width":2000,"height":1332},{"@type":"BreadcrumbList","@id":"https:\/\/www.elpro.de\/en\/products-solutions\/#breadcrumb","itemListElement":[{"@type":"ListItem","position":1,"name":"Startseite","item":"https:\/\/www.elpro.de\/en\/"},{"@type":"ListItem","position":2,"name":"Products &#038; Solutions"}]},{"@type":"WebSite","@id":"https:\/\/www.elpro.de\/#website","url":"https:\/\/www.elpro.de\/","name":"Elpro","description":"","potentialAction":[{"@type":"SearchAction","target":{"@type":"EntryPoint","urlTemplate":"https:\/\/www.elpro.de\/?s={search_term_string}"},"query-input":{"@type":"PropertyValueSpecification","valueRequired":true,"valueName":"search_term_string"}}],"inLanguage":"en-US"}]}},"_links":{"self":[{"href":"https:\/\/www.elpro.de\/en\/wp-json\/wp\/v2\/pages\/1925","targetHints":{"allow":["GET"]}}],"collection":[{"href":"https:\/\/www.elpro.de\/en\/wp-json\/wp\/v2\/pages"}],"about":[{"href":"https:\/\/www.elpro.de\/en\/wp-json\/wp\/v2\/types\/page"}],"author":[{"embeddable":true,"href":"https:\/\/www.elpro.de\/en\/wp-json\/wp\/v2\/users\/1"}],"replies":[{"embeddable":true,"href":"https:\/\/www.elpro.de\/en\/wp-json\/wp\/v2\/comments?post=1925"}],"version-history":[{"count":5,"href":"https:\/\/www.elpro.de\/en\/wp-json\/wp\/v2\/pages\/1925\/revisions"}],"predecessor-version":[{"id":2546,"href":"https:\/\/www.elpro.de\/en\/wp-json\/wp\/v2\/pages\/1925\/revisions\/2546"}],"wp:featuredmedia":[{"embeddable":true,"href":"https:\/\/www.elpro.de\/en\/wp-json\/wp\/v2\/media\/2427"}],"wp:attachment":[{"href":"https:\/\/www.elpro.de\/en\/wp-json\/wp\/v2\/media?parent=1925"}],"curies":[{"name":"wp","href":"https:\/\/api.w.org\/{rel}","templated":true}]}}